{"id":455,"date":"2021-01-11T11:51:41","date_gmt":"2021-01-11T16:51:41","guid":{"rendered":"https:\/\/websitesforall.ca\/?page_id=455"},"modified":"2021-08-19T08:58:18","modified_gmt":"2021-08-19T12:58:18","slug":"websites-for-all","status":"publish","type":"page","link":"https:\/\/websitesforall.ca\/fr","title":{"rendered":"Sites Web pour tous"},"content":{"rendered":"<p class=\"subhead\">Le projet Web inclusif<\/p>\n\n\n\n<p>Notre but est d\u2019incorporer les concepts d\u2019accessibilit\u00e9 et d\u2019exploitabilit\u00e9 d\u00e8s le d\u00e9but. En incluant ces concepts dans le d\u00e9veloppement de contenu Web, nous esp\u00e9rons r\u00e9duire le besoin d\u2019apporter des modifications plus tard. Nous nous r\u00e9jouissons de vous savoir avec nous.<\/p>\n\n\n\n<div id=\"cards-block_609168d2f5a6b\" class=\"cards-block\">\n     \n          <ul class=\"cards\">\n                              <li>\n                                        <h2>Bienvenue aux \u00e9tudiants<\/h2>\n                    <p>\u00cates-vous un nouveau d\u00e9veloppeur de contenu Web? Initiez-vous aux concepts de l\u2019exploitabilit\u00e9 et de l\u2019accessibilit\u00e9.<\/p>\n<p>D\u00e9veloppez vos capacit\u00e9s de conception de sites Web afin qu\u2019ils soient inclusifs en examinant une vari\u00e9t\u00e9 de projets et d\u2019exp\u00e9riences \u00e0 travers les yeux de notre utilisateur final.<\/p>\n                    <p>\n                        <a class=\"ld-button\" href=\"https:\/\/websitesforall.ca\/fr\/my-account\/\">\n                            <span class=\"ld-text\">Connectez-vous pour commencer \u00e0 apprendre<\/span>\n                            <span class=\"ld-icon ld-icon-arrow-right\"><\/span>\n                        <\/a>\n                    <\/p>\t\t\n               <\/li>\n                              <li>\n                                        <h2>Bienvenue aux enseignants<\/h2>\n                    <p>Obtenez un aper\u00e7u du contenu du cours et comment vous pouvez l\u2019int\u00e9grer dans votre curriculum.<\/p>\n<p>Vous trouverez ici des outils et des ressources utiles pour \u00e9largir vos connaissances et am\u00e9liorer vos habilet\u00e9s \u00e0 d\u00e9velopper du contenu Web, en plus de soutien additionnel pour guider vos le\u00e7ons.<\/p>\n                    <p>\n                        <a class=\"ld-button\" href=\"https:\/\/websitesforall.ca\/fr\/teacher-resources\/\">\n                            <span class=\"ld-text\">Acc\u00e9der aux ressources p\u00e9dagogiques<\/span>\n                            <span class=\"ld-icon ld-icon-arrow-right\"><\/span>\n                        <\/a>\n                    <\/p>\t\t\n               <\/li>\n                         <\/ul>\n\n     <\/div>","protected":false},"excerpt":{"rendered":"<p>The Inclusive Web Project Our goal is to build the concepts of accessibility and usability in right from the beginning. By introducing these new concepts in tandem with web development, we strive to reduce the need for remediation later on. We\u2019re excited to have you join us in this journey.<\/p>","protected":false},"author":176,"featured_media":0,"parent":0,"menu_order":0,"comment_status":"closed","ping_status":"closed","template":"","meta":{"_acf_changed":false,"footnotes":""},"class_list":["post-455","page","type-page","status-publish","hentry"],"acf":[],"yoast_head":"<!-- This site is optimized with the Yoast SEO plugin v27.4 - https:\/\/yoast.com\/product\/yoast-seo-wordpress\/ -->\n<title>Websites for All - Websites for All<\/title>\n<meta name=\"robots\" content=\"index, follow, max-snippet:-1, max-image-preview:large, max-video-preview:-1\" \/>\n<link rel=\"canonical\" href=\"https:\/\/websitesforall.ca\/fr\/\" \/>\n<meta property=\"og:locale\" content=\"fr_CA\" \/>\n<meta property=\"og:type\" content=\"article\" \/>\n<meta property=\"og:title\" content=\"Websites for All - Websites for All\" \/>\n<meta property=\"og:description\" content=\"The Inclusive Web Project Our goal is to build the concepts of accessibility and usability in right from the beginning. By introducing these new concepts in tandem with web development, we strive to reduce the need for remediation later on. We\u2019re excited to have you join us in this journey.\" \/>\n<meta property=\"og:url\" content=\"https:\/\/websitesforall.ca\/fr\/\" \/>\n<meta property=\"og:site_name\" content=\"Websites for All\" \/>\n<meta property=\"article:modified_time\" content=\"2021-08-19T12:58:18+00:00\" \/>\n<meta name=\"twitter:card\" content=\"summary_large_image\" \/>\n<meta name=\"twitter:label1\" content=\"Estimation du temps de lecture\" \/>\n\t<meta name=\"twitter:data1\" content=\"1 minute\" \/>\n<script type=\"application\/ld+json\" class=\"yoast-schema-graph\">{\"@context\":\"https:\\\/\\\/schema.org\",\"@graph\":[{\"@type\":\"WebPage\",\"@id\":\"https:\\\/\\\/websitesforall.ca\\\/en\\\/\",\"url\":\"https:\\\/\\\/websitesforall.ca\\\/en\\\/\",\"name\":\"Websites for All - Websites for All\",\"isPartOf\":{\"@id\":\"https:\\\/\\\/websitesforall.ca\\\/en\\\/#website\"},\"datePublished\":\"2021-01-11T16:51:41+00:00\",\"dateModified\":\"2021-08-19T12:58:18+00:00\",\"breadcrumb\":{\"@id\":\"https:\\\/\\\/websitesforall.ca\\\/en\\\/#breadcrumb\"},\"inLanguage\":\"fr-CA\",\"potentialAction\":[{\"@type\":\"ReadAction\",\"target\":[\"https:\\\/\\\/websitesforall.ca\\\/en\\\/\"]}]},{\"@type\":\"BreadcrumbList\",\"@id\":\"https:\\\/\\\/websitesforall.ca\\\/en\\\/#breadcrumb\",\"itemListElement\":[{\"@type\":\"ListItem\",\"position\":1,\"name\":\"Home\",\"item\":\"https:\\\/\\\/websitesforall.ca\\\/en\\\/\"},{\"@type\":\"ListItem\",\"position\":2,\"name\":\"Websites for All\"}]},{\"@type\":\"WebSite\",\"@id\":\"https:\\\/\\\/websitesforall.ca\\\/en\\\/#website\",\"url\":\"https:\\\/\\\/websitesforall.ca\\\/en\\\/\",\"name\":\"Websites for All\",\"description\":\"The Inclusive Web Project\",\"potentialAction\":[{\"@type\":\"SearchAction\",\"target\":{\"@type\":\"EntryPoint\",\"urlTemplate\":\"https:\\\/\\\/websitesforall.ca\\\/en\\\/?s={search_term_string}\"},\"query-input\":{\"@type\":\"PropertyValueSpecification\",\"valueRequired\":true,\"valueName\":\"search_term_string\"}}],\"inLanguage\":\"fr-CA\"}]}<\/script>\n<!-- \/ Yoast SEO plugin. -->","yoast_head_json":{"title":"Sites Web pour tous","robots":{"index":"index","follow":"follow","max-snippet":"max-snippet:-1","max-image-preview":"max-image-preview:large","max-video-preview":"max-video-preview:-1"},"canonical":"https:\/\/websitesforall.ca\/fr\/","og_locale":"fr_CA","og_type":"article","og_title":"Websites for All - Websites for All","og_description":"The Inclusive Web Project Our goal is to build the concepts of accessibility and usability in right from the beginning. By introducing these new concepts in tandem with web development, we strive to reduce the need for remediation later on. We\u2019re excited to have you join us in this journey.","og_url":"https:\/\/websitesforall.ca\/fr\/","og_site_name":"Websites for All","article_modified_time":"2021-08-19T12:58:18+00:00","twitter_card":"summary_large_image","twitter_misc":{"Estimation du temps de lecture":"1 minute"},"schema":{"@context":"https:\/\/schema.org","@graph":[{"@type":"WebPage","@id":"https:\/\/websitesforall.ca\/en\/","url":"https:\/\/websitesforall.ca\/en\/","name":"Sites Web pour tous","isPartOf":{"@id":"https:\/\/websitesforall.ca\/en\/#website"},"datePublished":"2021-01-11T16:51:41+00:00","dateModified":"2021-08-19T12:58:18+00:00","breadcrumb":{"@id":"https:\/\/websitesforall.ca\/en\/#breadcrumb"},"inLanguage":"fr-CA","potentialAction":[{"@type":"ReadAction","target":["https:\/\/websitesforall.ca\/en\/"]}]},{"@type":"BreadcrumbList","@id":"https:\/\/websitesforall.ca\/en\/#breadcrumb","itemListElement":[{"@type":"ListItem","position":1,"name":"Home","item":"https:\/\/websitesforall.ca\/en\/"},{"@type":"ListItem","position":2,"name":"Websites for All"}]},{"@type":"WebSite","@id":"https:\/\/websitesforall.ca\/en\/#website","url":"https:\/\/websitesforall.ca\/en\/","name":"Sites Web pour tous","description":"Le projet Web inclusif","potentialAction":[{"@type":"SearchAction","target":{"@type":"EntryPoint","urlTemplate":"https:\/\/websitesforall.ca\/en\/?s={search_term_string}"},"query-input":{"@type":"PropertyValueSpecification","valueRequired":true,"valueName":"search_term_string"}}],"inLanguage":"fr-CA"}]}},"_links":{"self":[{"href":"https:\/\/websitesforall.ca\/fr\/wp-json\/wp\/v2\/pages\/455","targetHints":{"allow":["GET"]}}],"collection":[{"href":"https:\/\/websitesforall.ca\/fr\/wp-json\/wp\/v2\/pages"}],"about":[{"href":"https:\/\/websitesforall.ca\/fr\/wp-json\/wp\/v2\/types\/page"}],"author":[{"embeddable":true,"href":"https:\/\/websitesforall.ca\/fr\/wp-json\/wp\/v2\/users\/176"}],"replies":[{"embeddable":true,"href":"https:\/\/websitesforall.ca\/fr\/wp-json\/wp\/v2\/comments?post=455"}],"version-history":[{"count":52,"href":"https:\/\/websitesforall.ca\/fr\/wp-json\/wp\/v2\/pages\/455\/revisions"}],"predecessor-version":[{"id":1901,"href":"https:\/\/websitesforall.ca\/fr\/wp-json\/wp\/v2\/pages\/455\/revisions\/1901"}],"wp:attachment":[{"href":"https:\/\/websitesforall.ca\/fr\/wp-json\/wp\/v2\/media?parent=455"}],"curies":[{"name":"wp","href":"https:\/\/api.w.org\/{rel}","templated":true}]}}